{"id":302726,"date":"2024-12-13T13:03:07","date_gmt":"2024-12-13T12:03:07","guid":{"rendered":"https:\/\/pethelp.pl\/?post_type=product&#038;p=302726"},"modified":"2024-12-13T13:04:14","modified_gmt":"2024-12-13T12:04:14","slug":"pakiet-konkurs-lapa-w-lape","status":"publish","type":"product","link":"https:\/\/pethelp.pl\/en\/oferta\/pakiet-konkurs-lapa-w-lape\/","title":{"rendered":"Pakiet &#8211; konkurs \u0141apa w \u0141ap\u0119"},"excerpt":{"rendered":"","protected":false},"featured_media":312,"template":"","meta":[],"product_cat":[19],"product_tag":[],"aioseo_notices":[],"_links":{"self":[{"href":"https:\/\/pethelp.pl\/en\/wp-json\/wp\/v2\/product\/302726"}],"collection":[{"href":"https:\/\/pethelp.pl\/en\/wp-json\/wp\/v2\/product"}],"about":[{"href":"https:\/\/pethelp.pl\/en\/wp-json\/wp\/v2\/types\/product"}],"wp:featuredmedia":[{"embeddable":true,"href":"https:\/\/pethelp.pl\/en\/wp-json\/wp\/v2\/media\/312"}],"wp:attachment":[{"href":"https:\/\/pethelp.pl\/en\/wp-json\/wp\/v2\/media?parent=302726"}],"wp:term":[{"taxonomy":"product_cat","embeddable":true,"href":"https:\/\/pethelp.pl\/en\/wp-json\/wp\/v2\/product_cat?post=302726"},{"taxonomy":"product_tag","embeddable":true,"href":"https:\/\/pethelp.pl\/en\/wp-json\/wp\/v2\/product_tag?post=302726"}],"curies":[{"name":"wp","href":"https:\/\/api.w.org\/{rel}","templated":true}]}}