{"id":74149,"date":"2022-11-29T01:07:25","date_gmt":"2022-11-29T00:07:27","guid":{"rendered":"https:\/\/pethelp.pl\/?post_type=product&#038;p=74149"},"modified":"2026-03-11T14:40:41","modified_gmt":"2026-03-11T13:40:41","slug":"platinum-package-for-a-cat","status":"publish","type":"product","link":"https:\/\/pethelp.pl\/en\/oferta\/platinum-package-for-a-cat\/","title":{"rendered":"Platinum package for a cat"},"excerpt":{"rendered":"<p><a href=\"https:\/\/pethelp.pl\/wp-content\/uploads\/2020\/02\/za\u0142\u0105cznik-numer-2-do-regulaminu-dla-w\u0142a\u015bcicieli-zakres-pakietu-PLATINUM-kot.pdf\">szczeg\u00f3\u0142owy zakres pakietu PLATINUM kot<\/a><\/p>\n","protected":false},"featured_media":0,"template":"","meta":[],"product_cat":[1378],"product_tag":[],"aioseo_notices":[],"_links":{"self":[{"href":"https:\/\/pethelp.pl\/en\/wp-json\/wp\/v2\/product\/74149"}],"collection":[{"href":"https:\/\/pethelp.pl\/en\/wp-json\/wp\/v2\/product"}],"about":[{"href":"https:\/\/pethelp.pl\/en\/wp-json\/wp\/v2\/types\/product"}],"wp:attachment":[{"href":"https:\/\/pethelp.pl\/en\/wp-json\/wp\/v2\/media?parent=74149"}],"wp:term":[{"taxonomy":"product_cat","embeddable":true,"href":"https:\/\/pethelp.pl\/en\/wp-json\/wp\/v2\/product_cat?post=74149"},{"taxonomy":"product_tag","embeddable":true,"href":"https:\/\/pethelp.pl\/en\/wp-json\/wp\/v2\/product_tag?post=74149"}],"curies":[{"name":"wp","href":"https:\/\/api.w.org\/{rel}","templated":true}]}}