{"id":74176,"date":"2022-11-29T01:20:42","date_gmt":"2022-11-29T00:20:42","guid":{"rendered":"https:\/\/pethelp.pl\/?post_type=product&#038;p=74176"},"modified":"2022-11-29T01:31:21","modified_gmt":"2022-11-29T00:31:21","slug":"vip-dla-kota-platnosc-kwartalna","status":"publish","type":"product","link":"https:\/\/pethelp.pl\/en\/oferta\/vip-dla-kota-platnosc-kwartalna\/","title":{"rendered":"VIP dla kota &#8211; p\u0142atno\u015b\u0107 kwartalna"},"excerpt":{"rendered":"","protected":false},"featured_media":17278,"template":"","meta":[],"product_cat":[19],"product_tag":[],"aioseo_notices":[],"_links":{"self":[{"href":"https:\/\/pethelp.pl\/en\/wp-json\/wp\/v2\/product\/74176"}],"collection":[{"href":"https:\/\/pethelp.pl\/en\/wp-json\/wp\/v2\/product"}],"about":[{"href":"https:\/\/pethelp.pl\/en\/wp-json\/wp\/v2\/types\/product"}],"wp:featuredmedia":[{"embeddable":true,"href":"https:\/\/pethelp.pl\/en\/wp-json\/wp\/v2\/media\/17278"}],"wp:attachment":[{"href":"https:\/\/pethelp.pl\/en\/wp-json\/wp\/v2\/media?parent=74176"}],"wp:term":[{"taxonomy":"product_cat","embeddable":true,"href":"https:\/\/pethelp.pl\/en\/wp-json\/wp\/v2\/product_cat?post=74176"},{"taxonomy":"product_tag","embeddable":true,"href":"https:\/\/pethelp.pl\/en\/wp-json\/wp\/v2\/product_tag?post=74176"}],"curies":[{"name":"wp","href":"https:\/\/api.w.org\/{rel}","templated":true}]}}