{"id":74217,"date":"2022-11-29T01:48:24","date_gmt":"2022-11-29T00:48:24","guid":{"rendered":"https:\/\/pethelp.pl\/?post_type=product&#038;p=74217"},"modified":"2022-11-29T01:52:53","modified_gmt":"2022-11-29T00:52:53","slug":"premium-dla-kota-platnosc-kwartalna","status":"publish","type":"product","link":"https:\/\/pethelp.pl\/en\/oferta\/premium-dla-kota-platnosc-kwartalna\/","title":{"rendered":"Premium dla kota &#8211; p\u0142atno\u015b\u0107 kwartalna"},"excerpt":{"rendered":"","protected":false},"featured_media":8984,"template":"","meta":[],"product_cat":[19],"product_tag":[],"aioseo_notices":[],"_links":{"self":[{"href":"https:\/\/pethelp.pl\/en\/wp-json\/wp\/v2\/product\/74217"}],"collection":[{"href":"https:\/\/pethelp.pl\/en\/wp-json\/wp\/v2\/product"}],"about":[{"href":"https:\/\/pethelp.pl\/en\/wp-json\/wp\/v2\/types\/product"}],"wp:featuredmedia":[{"embeddable":true,"href":"https:\/\/pethelp.pl\/en\/wp-json\/wp\/v2\/media\/8984"}],"wp:attachment":[{"href":"https:\/\/pethelp.pl\/en\/wp-json\/wp\/v2\/media?parent=74217"}],"wp:term":[{"taxonomy":"product_cat","embeddable":true,"href":"https:\/\/pethelp.pl\/en\/wp-json\/wp\/v2\/product_cat?post=74217"},{"taxonomy":"product_tag","embeddable":true,"href":"https:\/\/pethelp.pl\/en\/wp-json\/wp\/v2\/product_tag?post=74217"}],"curies":[{"name":"wp","href":"https:\/\/api.w.org\/{rel}","templated":true}]}}