{"id":74236,"date":"2022-11-29T01:55:28","date_gmt":"2022-11-29T00:55:28","guid":{"rendered":"https:\/\/pethelp.pl\/?post_type=product&#038;p=74236"},"modified":"2022-11-29T01:59:23","modified_gmt":"2022-11-29T00:59:23","slug":"platinum-dla-kota-platnosc-kwartalna","status":"publish","type":"product","link":"https:\/\/pethelp.pl\/en\/oferta\/platinum-dla-kota-platnosc-kwartalna\/","title":{"rendered":"Platinum dla kota &#8211; p\u0142atno\u015b\u0107 kwartalna"},"excerpt":{"rendered":"","protected":false},"featured_media":309,"template":"","meta":[],"product_cat":[19],"product_tag":[],"aioseo_notices":[],"_links":{"self":[{"href":"https:\/\/pethelp.pl\/en\/wp-json\/wp\/v2\/product\/74236"}],"collection":[{"href":"https:\/\/pethelp.pl\/en\/wp-json\/wp\/v2\/product"}],"about":[{"href":"https:\/\/pethelp.pl\/en\/wp-json\/wp\/v2\/types\/product"}],"wp:featuredmedia":[{"embeddable":true,"href":"https:\/\/pethelp.pl\/en\/wp-json\/wp\/v2\/media\/309"}],"wp:attachment":[{"href":"https:\/\/pethelp.pl\/en\/wp-json\/wp\/v2\/media?parent=74236"}],"wp:term":[{"taxonomy":"product_cat","embeddable":true,"href":"https:\/\/pethelp.pl\/en\/wp-json\/wp\/v2\/product_cat?post=74236"},{"taxonomy":"product_tag","embeddable":true,"href":"https:\/\/pethelp.pl\/en\/wp-json\/wp\/v2\/product_tag?post=74236"}],"curies":[{"name":"wp","href":"https:\/\/api.w.org\/{rel}","templated":true}]}}