{"id":74257,"date":"2022-11-29T02:24:14","date_gmt":"2022-11-29T01:24:14","guid":{"rendered":"https:\/\/pethelp.pl\/?post_type=product&#038;p=74257"},"modified":"2025-08-19T14:12:59","modified_gmt":"2025-08-19T12:12:59","slug":"premium-dla-psa-platnosc-kwartalna","status":"publish","type":"product","link":"https:\/\/pethelp.pl\/en\/oferta\/premium-dla-psa-platnosc-kwartalna\/","title":{"rendered":"Premium dla psa &#8211; p\u0142atno\u015b\u0107 kwartalna"},"excerpt":{"rendered":"","protected":false},"featured_media":313,"template":"","meta":[],"product_cat":[19],"product_tag":[],"aioseo_notices":[],"_links":{"self":[{"href":"https:\/\/pethelp.pl\/en\/wp-json\/wp\/v2\/product\/74257"}],"collection":[{"href":"https:\/\/pethelp.pl\/en\/wp-json\/wp\/v2\/product"}],"about":[{"href":"https:\/\/pethelp.pl\/en\/wp-json\/wp\/v2\/types\/product"}],"wp:featuredmedia":[{"embeddable":true,"href":"https:\/\/pethelp.pl\/en\/wp-json\/wp\/v2\/media\/313"}],"wp:attachment":[{"href":"https:\/\/pethelp.pl\/en\/wp-json\/wp\/v2\/media?parent=74257"}],"wp:term":[{"taxonomy":"product_cat","embeddable":true,"href":"https:\/\/pethelp.pl\/en\/wp-json\/wp\/v2\/product_cat?post=74257"},{"taxonomy":"product_tag","embeddable":true,"href":"https:\/\/pethelp.pl\/en\/wp-json\/wp\/v2\/product_tag?post=74257"}],"curies":[{"name":"wp","href":"https:\/\/api.w.org\/{rel}","templated":true}]}}