{"id":74261,"date":"2022-11-29T02:30:42","date_gmt":"2022-11-29T01:30:42","guid":{"rendered":"https:\/\/pethelp.pl\/?post_type=product&#038;p=74261"},"modified":"2023-01-27T16:25:35","modified_gmt":"2023-01-27T15:25:35","slug":"platinum-dla-psa-platnosc-kwartalna","status":"publish","type":"product","link":"https:\/\/pethelp.pl\/en\/oferta\/platinum-dla-psa-platnosc-kwartalna\/","title":{"rendered":"Platinum dla psa &#8211; p\u0142atno\u015b\u0107 kwartalna"},"excerpt":{"rendered":"","protected":false},"featured_media":310,"template":"","meta":[],"product_cat":[19],"product_tag":[],"aioseo_notices":[],"_links":{"self":[{"href":"https:\/\/pethelp.pl\/en\/wp-json\/wp\/v2\/product\/74261"}],"collection":[{"href":"https:\/\/pethelp.pl\/en\/wp-json\/wp\/v2\/product"}],"about":[{"href":"https:\/\/pethelp.pl\/en\/wp-json\/wp\/v2\/types\/product"}],"wp:featuredmedia":[{"embeddable":true,"href":"https:\/\/pethelp.pl\/en\/wp-json\/wp\/v2\/media\/310"}],"wp:attachment":[{"href":"https:\/\/pethelp.pl\/en\/wp-json\/wp\/v2\/media?parent=74261"}],"wp:term":[{"taxonomy":"product_cat","embeddable":true,"href":"https:\/\/pethelp.pl\/en\/wp-json\/wp\/v2\/product_cat?post=74261"},{"taxonomy":"product_tag","embeddable":true,"href":"https:\/\/pethelp.pl\/en\/wp-json\/wp\/v2\/product_tag?post=74261"}],"curies":[{"name":"wp","href":"https:\/\/api.w.org\/{rel}","templated":true}]}}